{"id":225,"date":"2014-01-27T15:14:53","date_gmt":"2014-01-27T18:14:53","guid":{"rendered":"http:\/\/www.frcg.com.br\/?page_id=225"},"modified":"2025-12-16T11:02:54","modified_gmt":"2025-12-16T14:02:54","slug":"edicao-2013","status":"publish","type":"page","link":"https:\/\/www.frcg.com.br\/?page_id=225","title":{"rendered":"Edi\u00e7\u00f5es Anteriores"},"content":{"rendered":"<p>Dados das edi\u00e7\u00f5es anteriores do FRCG para consulta<\/p>\n<p><a href=\"http:\/\/www.frcg.com.br\/2012\/\" target=\"_blank\" rel=\"noopener noreferrer\">2012<\/a><br \/><a href=\"http:\/\/www.frcg.com.br\/2013\/\" target=\"_blank\" rel=\"noopener noreferrer\">2013<br \/><\/a><a href=\"http:\/\/www.frcg.com.br\/2014\/\" target=\"_blank\" rel=\"noopener noreferrer\">2014<br \/><\/a><a href=\"http:\/\/www.frcg.com.br\/2015\/\" target=\"_blank\" rel=\"noopener noreferrer\">2015<br \/><\/a><a href=\"http:\/\/www.frcg.com.br\/2016\/\">2016<\/a><br \/><a href=\"http:\/\/www.frcg.com.br\/2017\/\">2017<\/a><br \/><a href=\"http:\/\/frcg.com.br\/2018\">2018<\/a><br \/><a href=\"http:\/\/www.frcg.com.br\/2019\">2019<\/a><br \/><a href=\"http:\/\/www.frcg.com.br\/2021\/\">2021<\/a><br \/><a href=\"http:\/\/www.frcg.com.br\/2022\/\">2022<\/a><br \/><a href=\"http:\/\/frcg.com.br\/2023\">2023<\/a><br \/><a href=\"http:\/\/www.frcg.com.br\/2024\/\">2024<\/a><br \/><a href=\"http:\/\/www.frcg.com.br\/2025\">2025<\/a><\/p>\n\n\n<p><\/p>\n","protected":false},"excerpt":{"rendered":"<p>Dados das edi\u00e7\u00f5es anteriores do FRCG para consulta 2012201320142015201620172018201920212022202320242025<\/p>\n","protected":false},"author":1,"featured_media":0,"parent":0,"menu_order":9,"comment_status":"open","ping_status":"closed","template":"","meta":{"jetpack_post_was_ever_published":false,"footnotes":""},"class_list":["post-225","page","type-page","status-publish","hentry"],"jetpack_shortlink":"https:\/\/wp.me\/P2PHH9-3D","jetpack_sharing_enabled":true,"_links":{"self":[{"href":"https:\/\/www.frcg.com.br\/index.php?rest_route=\/wp\/v2\/pages\/225","targetHints":{"allow":["GET"]}}],"collection":[{"href":"https:\/\/www.frcg.com.br\/index.php?rest_route=\/wp\/v2\/pages"}],"about":[{"href":"https:\/\/www.frcg.com.br\/index.php?rest_route=\/wp\/v2\/types\/page"}],"author":[{"embeddable":true,"href":"https:\/\/www.frcg.com.br\/index.php?rest_route=\/wp\/v2\/users\/1"}],"replies":[{"embeddable":true,"href":"https:\/\/www.frcg.com.br\/index.php?rest_route=%2Fwp%2Fv2%2Fcomments&post=225"}],"version-history":[{"count":14,"href":"https:\/\/www.frcg.com.br\/index.php?rest_route=\/wp\/v2\/pages\/225\/revisions"}],"predecessor-version":[{"id":1286,"href":"https:\/\/www.frcg.com.br\/index.php?rest_route=\/wp\/v2\/pages\/225\/revisions\/1286"}],"wp:attachment":[{"href":"https:\/\/www.frcg.com.br\/index.php?rest_route=%2Fwp%2Fv2%2Fmedia&parent=225"}],"curies":[{"name":"wp","href":"https:\/\/api.w.org\/{rel}","templated":true}]}}