{"id":594,"date":"2018-01-27T10:12:22","date_gmt":"2018-01-27T13:12:22","guid":{"rendered":"http:\/\/www.frcg.com.br\/?page_id=594"},"modified":"2025-12-16T11:10:47","modified_gmt":"2025-12-16T14:10:47","slug":"2a-etapa","status":"publish","type":"page","link":"https:\/\/www.frcg.com.br\/?page_id=594","title":{"rendered":"2\u00aa Etapa"},"content":{"rendered":"\n<p>A 2\u00aa Etapa do FRCG 2026 ser\u00e1 realizada pelo CTG Amigos da Quer\u00eancia de S\u00e3o Carlos nos dias 30 e 31 de maio 2026.<\/p>\n\n\n\n<p>As inscri\u00e7\u00f5es estar\u00e3o abertas no dia 18\/05\/2026 \u00e0s 08hs e finalizam no dia 19\/05\/2026 \u00e0s 20hs atrav\u00e9s do <a href=\"https:\/\/sistema.borsoi.com.br\/\">https:\/\/sistema.borsoi.com.br<\/a><\/p>\n\n\n\n<p>Modalidades individuais ser\u00e3o:<\/p>\n\n\n\n<ul class=\"wp-block-list\">\n<li><\/li>\n<\/ul>\n","protected":false},"excerpt":{"rendered":"<p>A 2\u00aa Etapa do FRCG 2026 ser\u00e1 realizada pelo CTG Amigos da Quer\u00eancia de S\u00e3o Carlos nos dias 30 e 31 de maio 2026. As inscri\u00e7\u00f5es estar\u00e3o abertas no dia 18\/05\/2026 \u00e0s 08hs e finalizam no dia 19\/05\/2026 \u00e0s 20hs atrav\u00e9s do https:\/\/sistema.borsoi.com.br Modalidades individuais ser\u00e3o:<\/p>\n","protected":false},"author":1,"featured_media":0,"parent":0,"menu_order":2,"comment_status":"open","ping_status":"closed","template":"","meta":{"jetpack_post_was_ever_published":false,"footnotes":""},"class_list":["post-594","page","type-page","status-publish","hentry"],"jetpack_shortlink":"https:\/\/wp.me\/P2PHH9-9A","jetpack_sharing_enabled":true,"_links":{"self":[{"href":"https:\/\/www.frcg.com.br\/index.php?rest_route=\/wp\/v2\/pages\/594","targetHints":{"allow":["GET"]}}],"collection":[{"href":"https:\/\/www.frcg.com.br\/index.php?rest_route=\/wp\/v2\/pages"}],"about":[{"href":"https:\/\/www.frcg.com.br\/index.php?rest_route=\/wp\/v2\/types\/page"}],"author":[{"embeddable":true,"href":"https:\/\/www.frcg.com.br\/index.php?rest_route=\/wp\/v2\/users\/1"}],"replies":[{"embeddable":true,"href":"https:\/\/www.frcg.com.br\/index.php?rest_route=%2Fwp%2Fv2%2Fcomments&post=594"}],"version-history":[{"count":29,"href":"https:\/\/www.frcg.com.br\/index.php?rest_route=\/wp\/v2\/pages\/594\/revisions"}],"predecessor-version":[{"id":1293,"href":"https:\/\/www.frcg.com.br\/index.php?rest_route=\/wp\/v2\/pages\/594\/revisions\/1293"}],"wp:attachment":[{"href":"https:\/\/www.frcg.com.br\/index.php?rest_route=%2Fwp%2Fv2%2Fmedia&parent=594"}],"curies":[{"name":"wp","href":"https:\/\/api.w.org\/{rel}","templated":true}]}}