{"id":596,"date":"2018-01-27T10:14:48","date_gmt":"2018-01-27T13:14:48","guid":{"rendered":"http:\/\/www.frcg.com.br\/?page_id=596"},"modified":"2025-12-16T11:14:04","modified_gmt":"2025-12-16T14:14:04","slug":"3a-etapa","status":"publish","type":"page","link":"https:\/\/www.frcg.com.br\/?page_id=596","title":{"rendered":"3\u00aa Etapa"},"content":{"rendered":"\n<p>A 3\u00aa Etapa do FRCG 2026 ser\u00e1 realizada pelo CTG Heran\u00e7a Ga\u00facha de Chapec\u00f3 nos dias 08 e 09 de agosto de 2026.<\/p>\n\n\n\n<p>As inscri\u00e7\u00f5es estar\u00e3o abertas no dia 27\/07\/2026 \u00e0s 08hs e finalizam no dia 28\/07\/2026 \u00e0s 20hs atrav\u00e9s do <a href=\"https:\/\/sistema.borsoi.com.br\/\">https:\/\/sistema.borsoi.com.br<\/a><\/p>\n\n\n\n<p>Modalidades individuais ser\u00e3o:<\/p>\n\n\n\n<ul class=\"wp-block-list\">\n<li>Causo<\/li>\n\n\n\n<li>Solista Vocal<\/li>\n\n\n\n<li>Gaita Tecla e Ponto<\/li>\n\n\n\n<li>Chula Trio e Individual<\/li>\n<\/ul>\n\n\n\n<p><\/p>\n","protected":false},"excerpt":{"rendered":"<p>A 3\u00aa Etapa do FRCG 2026 ser\u00e1 realizada pelo CTG Heran\u00e7a Ga\u00facha de Chapec\u00f3 nos dias 08 e 09 de agosto de 2026. As inscri\u00e7\u00f5es estar\u00e3o abertas no dia 27\/07\/2026 \u00e0s 08hs e finalizam no dia 28\/07\/2026 \u00e0s 20hs atrav\u00e9s do https:\/\/sistema.borsoi.com.br Modalidades individuais ser\u00e3o:<\/p>\n","protected":false},"author":1,"featured_media":0,"parent":0,"menu_order":3,"comment_status":"open","ping_status":"closed","template":"","meta":{"jetpack_post_was_ever_published":false,"footnotes":""},"class_list":["post-596","page","type-page","status-publish","hentry"],"jetpack_shortlink":"https:\/\/wp.me\/P2PHH9-9C","jetpack_sharing_enabled":true,"_links":{"self":[{"href":"https:\/\/www.frcg.com.br\/index.php?rest_route=\/wp\/v2\/pages\/596","targetHints":{"allow":["GET"]}}],"collection":[{"href":"https:\/\/www.frcg.com.br\/index.php?rest_route=\/wp\/v2\/pages"}],"about":[{"href":"https:\/\/www.frcg.com.br\/index.php?rest_route=\/wp\/v2\/types\/page"}],"author":[{"embeddable":true,"href":"https:\/\/www.frcg.com.br\/index.php?rest_route=\/wp\/v2\/users\/1"}],"replies":[{"embeddable":true,"href":"https:\/\/www.frcg.com.br\/index.php?rest_route=%2Fwp%2Fv2%2Fcomments&post=596"}],"version-history":[{"count":22,"href":"https:\/\/www.frcg.com.br\/index.php?rest_route=\/wp\/v2\/pages\/596\/revisions"}],"predecessor-version":[{"id":1295,"href":"https:\/\/www.frcg.com.br\/index.php?rest_route=\/wp\/v2\/pages\/596\/revisions\/1295"}],"wp:attachment":[{"href":"https:\/\/www.frcg.com.br\/index.php?rest_route=%2Fwp%2Fv2%2Fmedia&parent=596"}],"curies":[{"name":"wp","href":"https:\/\/api.w.org\/{rel}","templated":true}]}}