{"id":598,"date":"2018-01-27T10:16:12","date_gmt":"2018-01-27T13:16:12","guid":{"rendered":"http:\/\/www.frcg.com.br\/?page_id=598"},"modified":"2026-02-10T17:56:01","modified_gmt":"2026-02-10T20:56:01","slug":"4a-etapa","status":"publish","type":"page","link":"https:\/\/www.frcg.com.br\/?page_id=598","title":{"rendered":"4\u00aa Etapa"},"content":{"rendered":"\n<p>A 4\u00aa Etapa do FRCG 2026 ser\u00e1 realizada pelo CTG Amizade Sem Fronteiras de S\u00e3o Louren\u00e7o do Oeste nos dias 28 e 29 de novembro de 2026.<\/p>\n\n\n\n<p>As inscri\u00e7\u00f5es estar\u00e3o abertas no dia 09\/11\/2026 \u00e0s 08hs e finalizam no dia 10\/11\/2026 \u00e0s 20hs atrav\u00e9s do <a href=\"https:\/\/sistema.borsoi.com.br\/\">https:\/\/sistema.borsoi.com.br<\/a><\/p>\n\n\n\n<p>Modalidades individuais ser\u00e3o:<\/p>\n\n\n\n<ul class=\"wp-block-list\">\n<li><\/li>\n<\/ul>\n\n\n\n<p><\/p>\n","protected":false},"excerpt":{"rendered":"<p>A 4\u00aa Etapa do FRCG 2026 ser\u00e1 realizada pelo CTG Amizade Sem Fronteiras de S\u00e3o Louren\u00e7o do Oeste nos dias 28 e 29 de novembro de 2026. As inscri\u00e7\u00f5es estar\u00e3o abertas no dia 09\/11\/2026 \u00e0s 08hs e finalizam no dia 10\/11\/2026 \u00e0s 20hs atrav\u00e9s do https:\/\/sistema.borsoi.com.br Modalidades individuais ser\u00e3o:<\/p>\n","protected":false},"author":1,"featured_media":0,"parent":0,"menu_order":4,"comment_status":"open","ping_status":"closed","template":"","meta":{"jetpack_post_was_ever_published":false,"footnotes":""},"class_list":["post-598","page","type-page","status-publish","hentry"],"jetpack_shortlink":"https:\/\/wp.me\/P2PHH9-9E","jetpack_sharing_enabled":true,"_links":{"self":[{"href":"https:\/\/www.frcg.com.br\/index.php?rest_route=\/wp\/v2\/pages\/598","targetHints":{"allow":["GET"]}}],"collection":[{"href":"https:\/\/www.frcg.com.br\/index.php?rest_route=\/wp\/v2\/pages"}],"about":[{"href":"https:\/\/www.frcg.com.br\/index.php?rest_route=\/wp\/v2\/types\/page"}],"author":[{"embeddable":true,"href":"https:\/\/www.frcg.com.br\/index.php?rest_route=\/wp\/v2\/users\/1"}],"replies":[{"embeddable":true,"href":"https:\/\/www.frcg.com.br\/index.php?rest_route=%2Fwp%2Fv2%2Fcomments&post=598"}],"version-history":[{"count":30,"href":"https:\/\/www.frcg.com.br\/index.php?rest_route=\/wp\/v2\/pages\/598\/revisions"}],"predecessor-version":[{"id":1300,"href":"https:\/\/www.frcg.com.br\/index.php?rest_route=\/wp\/v2\/pages\/598\/revisions\/1300"}],"wp:attachment":[{"href":"https:\/\/www.frcg.com.br\/index.php?rest_route=%2Fwp%2Fv2%2Fmedia&parent=598"}],"curies":[{"name":"wp","href":"https:\/\/api.w.org\/{rel}","templated":true}]}}